{"id":107,"date":"2015-05-31T14:12:10","date_gmt":"2015-05-31T12:12:10","guid":{"rendered":"http:\/\/www.hiphope.at\/blog\/?page_id=107"},"modified":"2025-02-19T11:33:30","modified_gmt":"2025-02-19T10:33:30","slug":"sponsoren","status":"publish","type":"page","link":"https:\/\/www.hiphope.at\/blog\/?page_id=107","title":{"rendered":"Sponsoren"},"content":{"rendered":"<div id=\"upinpost-header\" style=\"clear:both\"><\/div><div id=\"upinpost-body\"><p><a href=\"https:\/\/www.hiphope.at\/blog\/wp-content\/uploads\/2015\/05\/kulturstadt-2.tif\"><img loading=\"lazy\" decoding=\"async\" class=\"alignnone size-medium wp-image-3415\" src=\"https:\/\/www.hiphope.at\/blog\/wp-content\/uploads\/2015\/05\/kulturstadt-2.tif\" alt=\"\" width=\"1\" height=\"1\"><\/a><\/p>\n<table border=\"0\" width=\"100%\" cellspacing=\"0\" cellpadding=\"0\">\n<tbody>\n<tr>\n<td class=\"fallback-innerfont\" align=\"left\">\n<h2>HIP HOPe 2025 \u2013 FAKE IT TILL YOU MAKE IT! CALL TO ACTION!<br \/>\n&nbsp;<\/h2>\n<p>Wie bereits angek\u00fcndigt steht das Datum f\u00fcr HIP HOPe 2025 schon fest und wir freuen uns schon wahnsinnig. Wie immer kommt der Erl\u00f6s der Show einem karitativen Zweck zugute. Ein Event dieses Ausma\u00dfes finanziert sich allerdings nicht von allein.<br \/>\nWir brauchen daher Hilfe um engagierte K\u00fcnstler:innen zu finanzieren, die Miete der Eventlocation, Verpflegung und diverse andere Ressourcen zu stemmen.<br \/>\nNat\u00fcrlich sind wir f\u00fcr jeden Beitrag dankbar. Um unser Ziel erreichen zu k\u00f6nnen, haben wir aber eine kleine Preisliste zusammengestellt.<\/p>\n<h3>Details dazu sind&nbsp;<strong><a href=\"https:\/\/www.hiphope.at\/blog\/wp-content\/uploads\/2025\/02\/Sponsoren-Mappe-Hip-Hope-2025.pdf\" target=\"_blank\" rel=\"noopener\">hier<\/a><\/strong>&nbsp;ersichtlich.<br \/>\nPlease spread the word!<\/h3>\n<h3>\u201eDie Vorfreude ist der Sonnenschein von morgen!\u201c<\/h3>\n<\/td>\n<\/tr>\n<\/tbody>\n<\/table>\n<p>&nbsp;<\/p>\n<p>&nbsp;<\/p>\n<p>&nbsp;<\/p>\n<\/div><div id=\"upinpost-footer\" style=\"clear:both\"><\/div>","protected":false},"excerpt":{"rendered":"<p>HIP HOPe 2025 \u2013 FAKE IT TILL YOU MAKE IT! CALL TO ACTION! &nbsp; Wie bereits angek\u00fcndigt steht das Datum f\u00fcr HIP HOPe 2025 schon fest und wir freuen uns schon wahnsinnig. Wie immer kommt der Erl\u00f6s der Show einem karitativen Zweck zugute. Ein Event dieses Ausma\u00dfes finanziert sich allerdings nicht von allein. Wir brauchen [&hellip;]<\/p>\n","protected":false},"author":2,"featured_media":0,"parent":0,"menu_order":0,"comment_status":"closed","ping_status":"closed","template":"","meta":{"ngg_post_thumbnail":0,"footnotes":""},"class_list":["post-107","page","type-page","status-publish","hentry"],"_links":{"self":[{"href":"https:\/\/www.hiphope.at\/blog\/index.php?rest_route=\/wp\/v2\/pages\/107","targetHints":{"allow":["GET"]}}],"collection":[{"href":"https:\/\/www.hiphope.at\/blog\/index.php?rest_route=\/wp\/v2\/pages"}],"about":[{"href":"https:\/\/www.hiphope.at\/blog\/index.php?rest_route=\/wp\/v2\/types\/page"}],"author":[{"embeddable":true,"href":"https:\/\/www.hiphope.at\/blog\/index.php?rest_route=\/wp\/v2\/users\/2"}],"replies":[{"embeddable":true,"href":"https:\/\/www.hiphope.at\/blog\/index.php?rest_route=%2Fwp%2Fv2%2Fcomments&post=107"}],"version-history":[{"count":7,"href":"https:\/\/www.hiphope.at\/blog\/index.php?rest_route=\/wp\/v2\/pages\/107\/revisions"}],"predecessor-version":[{"id":4518,"href":"https:\/\/www.hiphope.at\/blog\/index.php?rest_route=\/wp\/v2\/pages\/107\/revisions\/4518"}],"wp:attachment":[{"href":"https:\/\/www.hiphope.at\/blog\/index.php?rest_route=%2Fwp%2Fv2%2Fmedia&parent=107"}],"curies":[{"name":"wp","href":"https:\/\/api.w.org\/{rel}","templated":true}]}}